{"id":5370,"date":"2022-09-20T04:16:39","date_gmt":"2022-09-20T04:16:39","guid":{"rendered":"https:\/\/panelasjavali.com.br\/?post_type=product&#038;p=5370"},"modified":"2022-10-07T06:51:18","modified_gmt":"2022-10-07T06:51:18","slug":"cacarola-injecta-forno-e-fogao","status":"publish","type":"product","link":"https:\/\/panelasjavali.com.br\/en\/product\/cacarola-injecta-forno-e-fogao\/","title":{"rendered":"INJECTED CASSEROLE - OVEN AND STOVE"},"content":{"rendered":"<p>A linha possui revestimento interno em cer\u00e2mica, e um processo de produ\u00e7\u00e3o em alum\u00ednio injetado sob press\u00e3o, como resultado, temos panelas ainda mais robustas, com excelente acabamento.<br \/>\nSua pintura externa em poli\u00e9ster siliconado, oferece maior resist\u00eancia ao calor, com isso, podem ser utilizadas no forno ou fog\u00e3o.<br \/>\nNossas pe\u00e7as apresentam uma estrutura encorpada, sendo assim, mant\u00e9m a temperatura interna por mais tempo, durabilidade e externo na cor vermelha.<br \/>\nPodem ser adquiridas com tampa de vidro temperado, que facilita o acompanhamento de seus preparos, sem necessidade de abrir com frequ\u00eancia, al\u00e9m de sua borda em inox e sa\u00edda de vapor. Recomendamos o uso de protetores para al\u00e7as ao retir\u00e1-las do forno.<\/p>","protected":false},"excerpt":{"rendered":"<p>PRODUCT WITH INMETRO CERTIFICATION No. 0002651\/2020.<\/p>","protected":false},"featured_media":5371,"template":"","meta":{"site-sidebar-layout":"default","site-content-layout":"default","ast-global-header-display":"","ast-main-header-display":"","ast-hfb-above-header-display":"","ast-hfb-below-header-display":"","ast-hfb-mobile-header-display":"","site-post-title":"","ast-breadcrumbs-content":"","ast-featured-img":"","footer-sml-layout":"","theme-transparent-header-meta":"default","adv-header-id-meta":"","stick-header-meta":"","header-above-stick-meta":"","header-main-stick-meta":"","header-below-stick-meta":""},"product_cat":[86,98],"product_tag":[91,106,96],"class_list":{"0":"post-5370","1":"product","2":"type-product","3":"status-publish","4":"has-post-thumbnail","6":"product_cat-injecta","7":"product_cat-forno-e-fogao","8":"product_tag-cacarola","9":"product_tag-forno-e-fogao","10":"product_tag-injecta","11":"pa_cor-injecta-forno-e-fogao-vermelho-poliester","12":"pa_tamanho-18cm-1700ml","13":"pa_tamanho-20cm-2300ml","14":"pa_tamanho-22cm-2900ml","15":"pa_tamanho-24cm-3600ml","16":"pa_tampa-tampa-de-vidro","18":"first","19":"instock","20":"shipping-taxable","21":"purchasable","22":"product-type-variable"},"_links":{"self":[{"href":"https:\/\/panelasjavali.com.br\/en\/wp-json\/wp\/v2\/product\/5370","targetHints":{"allow":["GET"]}}],"collection":[{"href":"https:\/\/panelasjavali.com.br\/en\/wp-json\/wp\/v2\/product"}],"about":[{"href":"https:\/\/panelasjavali.com.br\/en\/wp-json\/wp\/v2\/types\/product"}],"version-history":[{"count":2,"href":"https:\/\/panelasjavali.com.br\/en\/wp-json\/wp\/v2\/product\/5370\/revisions"}],"predecessor-version":[{"id":6643,"href":"https:\/\/panelasjavali.com.br\/en\/wp-json\/wp\/v2\/product\/5370\/revisions\/6643"}],"wp:featuredmedia":[{"embeddable":true,"href":"https:\/\/panelasjavali.com.br\/en\/wp-json\/wp\/v2\/media\/5371"}],"wp:attachment":[{"href":"https:\/\/panelasjavali.com.br\/en\/wp-json\/wp\/v2\/media?parent=5370"}],"wp:term":[{"taxonomy":"product_cat","embeddable":true,"href":"https:\/\/panelasjavali.com.br\/en\/wp-json\/wp\/v2\/product_cat?post=5370"},{"taxonomy":"product_tag","embeddable":true,"href":"https:\/\/panelasjavali.com.br\/en\/wp-json\/wp\/v2\/product_tag?post=5370"}],"curies":[{"name":"wp","href":"https:\/\/api.w.org\/{rel}","templated":true}]}}